{"id":377,"date":"2015-01-29T08:49:59","date_gmt":"2015-01-29T08:49:59","guid":{"rendered":"http:\/\/themes.tielabs.com\/sahifa5\/?page_id=377"},"modified":"2017-02-21T06:34:11","modified_gmt":"2017-02-21T06:34:11","slug":"advertisement","status":"publish","type":"page","link":"https:\/\/xonghoidamuoi.vn\/index.php\/advertisement\/","title":{"rendered":"Mu\u1ed1i H\u1ed3ng"},"content":{"rendered":"<p style=\"text-align: justify;\">C\u00f4ng ty TNHH MU\u1ed0I H\u1ed2NG \u00a0t\u1ef1 h\u00e0o l\u00e0 doanh nghi\u1ec7p \u0111i \u0111\u1ea7u trong l\u0129nh v\u1ef1c kinh doanh c\u00e1c s\u1ea3n ph\u1ea9m t\u1eeb \u0111\u00e1 mu\u1ed1i. Nh\u1edd \u00e1p d\u1ee5ng k\u1ef9 thu\u1eadt ti\u00ean ti\u1ebfn trong thi c\u00f4ng, m\u1ee9c gi\u00e1 s\u1ea3n ph\u1ea9m c\u1ea1nh tranh v\u00e0 ch\u1ea5t l\u01b0\u1ee3ng \u0111\u1ea3m b\u1ea3o, t\u1ed1c \u0111\u1ed9 t\u0103ng tr\u01b0\u1edfng th\u1ecb ph\u1ea7n v\u00e0 doanh thu lu\u00f4n \u1edf m\u1ee9c cao.<\/p>\n<p style=\"text-align: justify;\">Trong nhi\u1ec1u n\u0103m qua, t\u1eadp th\u1ec3 l\u00e3nh \u0111\u1ea1o, nh\u00e2n vi\u00ean C\u00f4ng ty Mu\u1ed1i h\u1ed3ng v\u1edbi tinh th\u1ea7n \u0111o\u00e0n k\u1ebft, l\u00e0m vi\u1ec7c c\u00f9ng nhau, kh\u00f4ng ng\u1eebng \u0111\u1ed5i m\u1edbi v\u00e0 h\u1ecdc h\u1ecfi \u0111\u1ec3 v\u01b0\u1ee3t qua m\u1ecdi kh\u00f3 kh\u0103n, x\u00e2y d\u1ef1ng th\u01b0\u01a1ng hi\u1ec7u tr\u00ean th\u1ecb tr\u01b0\u1eddng, t\u1ea1o l\u1eadp \u0111\u01b0\u1ee3c uy t\u00edn trong l\u00f2ng kh\u00e1ch h\u00e0ng v\u00e0 c\u00e1c \u0111\u1ed1i t\u00e1c. \u0110\u1ec3 c\u00f3 th\u1ec3 ph\u00e1t tri\u1ec3n b\u1ec1n v\u1eefng, C\u00f4ng ty kh\u00f4ng ng\u1eebng nghi\u00ean c\u1ee9u, c\u1ea3i ti\u1ebfn c\u00e1c s\u1ea3n ph\u1ea9m, d\u1ecbch v\u1ee5 hi\u1ec7n c\u00f3 v\u00e0 ph\u00e1t tri\u1ec3n c\u00e1c s\u1ea3n ph\u1ea9m m\u1edbi nh\u1eb1m \u0111\u00e1p \u1ee9ng cao nh\u1ea5t nhu c\u1ea7u c\u1ee7a kh\u00e1ch h\u00e0ng. Th\u1ef1c hi\u1ec7n ph\u01b0\u01a1ng ch\u00e2m \u201cCH\u1ea4T L\u01af\u1ee2NG L\u00c0 DANH D\u1ef0\u201d, ch\u00fang t\u00f4i lu\u00f4n \u0111\u1ea3m b\u1ea3o mang \u0111\u1ebfn cho ng\u01b0\u1eddi ti\u00eau d\u00f9ng s\u1ea3n ph\u1ea9m ch\u1ea5t l\u01b0\u1ee3ng nh\u1ea5t c\u00f9ng phong c\u00e1ch ph\u1ee5c v\u1ee5 chuy\u00ean nghi\u1ec7p.<\/p>\n<div class=\"img\" style=\"text-align: justify;\">V\u1edbi quy\u1ebft t\u00e2m tr\u1edf th\u00e0nh doanh nghi\u1ec7p h\u00e0ng \u0111\u1ea7u Vi\u1ec7t Nam trong l\u0129nh v\u1ef1c kinh doanh c\u00e1c s\u1ea3n ph\u1ea9m t\u1eeb \u0111\u00e1 mu\u1ed1i, ti\u1ebfn t\u1edbi m\u1edf r\u1ed9ng ra th\u1ecb tr\u01b0\u1eddng qu\u1ed1c t\u1ebf, ch\u00fang t\u00f4i h\u01b0\u1edbng \u0111\u1ebfn nh\u1eefng m\u1ed1i quan h\u1ec7 t\u1ed1t \u0111\u1eb9p v\u1edbi c\u00e1c \u0111\u1ed1i t\u00e1c ti\u1ec1m n\u0103ng v\u00ec m\u1ee5c ti\u00eau c\u00f9ng ph\u00e1t tri\u1ec3n.<\/div>\n<h3 style=\"text-align: center;\">L\u1ecaCH S\u1eec H\u00ccNH TH\u00c0NH<\/h3>\n<p style=\"text-align: justify;\">C\u00f4ng ty TNHH MU\u1ed0I H\u1ed2NG ,\u00a0thu\u1ed9c MU\u1ed0I H\u1ed2NG\u00a0GROUP, \u0111\u01b0\u1ee3c th\u00e0nh l\u1eadp v\u00e0o \u0111\u1ea7u n\u0103m 2016, nh\u1eb1m t\u1ea1o d\u1ef1ng m\u1ed9t MU\u1ed0I H\u1ed2NG\u00a0GROUP v\u1eefng m\u1ea1nh.<\/p>\n<p style=\"text-align: center;\"><strong>QU\u00c1 TR\u00ccNH H\u00ccNH TH\u00c0NH V\u00c0 PH\u00c1T TRI\u1ec2N MU\u1ed0I H\u1ed2NG\u00a0GROUP<\/strong><\/p>\n<p style=\"text-align: justify;\">\u0110\u01b0\u1ee3c th\u00e0nh l\u1eadp t\u1eeb n\u0103m 2009 v\u1edbi t\u01b0 c\u00e1ch ph\u00e1p nh\u00e2n \u0111\u1ea7u ti\u00ean l\u00e0 DNTN, c\u00f3 tr\u1ee5 s\u1edf l\u00e0m vi\u1ec7c \u0111\u1eb7t t\u1ea1i s\u1ed1 Qu\u1eadn Ng\u0169 H\u00e0nh S\u01a1n, TP.\u0110\u00e0 N\u1eb5ng, ng\u00e0nh ngh\u1ec1 kinh doanh: Kinh doanh s\u1ea3n ph\u1ea9m \u0111\u00e8n \u0111\u00e1 mu\u1ed1i Himalayas, cung c\u1ea5p c\u00e1c s\u1ea3n ph\u1ea9m l\u00e0m \u0111\u1eb9p cho c\u00e1c Spa v\u00e0 c\u00e1c trang thi\u1ebft b\u1ecb n\u1ed9i ngo\u1ea1i th\u1ea5t ph\u00f2ng x\u00f4ng h\u01a1i, Spa.<\/p>\n<p style=\"text-align: justify;\">\u0110\u1ea7u n\u0103m 2012, \u0111\u01a1n v\u1ecb \u0111\u00e3 \u0111\u0103ng k\u00fd n\u00e2ng c\u1ea5p t\u01b0 c\u00e1ch ph\u00e1p nh\u00e2n l\u00ean th\u00e0nh C\u00f4ng ty TNHH \u0111\u1ec3 ph\u00f9 h\u1ee3p v\u1edbi l\u0129nh v\u1ef1c ch\u00ednh cung c\u1ea5p c\u00e1c s\u1ea3n ph\u1ea9m thi\u1ebft b\u1ecb Spa, thi c\u00f4ng thi\u1ebft k\u1ebf c\u00e1c h\u1ea1ng m\u1ee5c ph\u00f2ng x\u00f4ng h\u01a1i v\u00e0 Spa. C\u00f4ng ty m\u1ea1nh d\u1ea1n \u0111\u1ea7u t\u01b0 c\u01a1 s\u1edf v\u00e0 trang thi\u1ebft b\u1ecb nhi\u1ec1u h\u01a1n v\u00e0 \u0111\u1eb7t tr\u1ee5 s\u1edf m\u1edbi t\u1ea1i s\u1ed1 149\u00a0Nguy\u1ec5n V\u0103n Linh, Qu\u1eadn H\u1ea3i Ch\u00e2u, TP.\u0110\u00e0 N\u1eb5ng.<\/p>\n<p style=\"text-align: justify;\">Gi\u1eefa n\u0103m 2012, C\u00f4ng ty\u00a0quy\u1ebft \u0111\u1ecbnh \u0111\u1ea7u t\u01b0 th\u00eam kho, nh\u00e0 x\u01b0\u1edfng m\u1edbi \u0111\u1ec3 ti\u1ec7n thi c\u00f4ng c\u00e1c h\u1ea1ng m\u1ee5c Spa v\u00e0 x\u00e2y d\u1ef1ng t\u1ea1i \u0111\u01b0\u1eddng K20 \u2013 Qu\u1eadn Ng\u0169 H\u00e0nh S\u01a1n, TP \u0110\u00e0 N\u1eb5ng v\u1edbi quy m\u00f4 l\u1edbn v\u00e0 m\u00e1y m\u00f3c hi\u1ec7n \u0111\u1ea1i.<\/p>\n<p style=\"text-align: justify;\">\u0110\u1ea7u n\u0103m 2016, v\u1edbi m\u1ee5c ti\u00eau ph\u00e1t tri\u1ec3n d\u00e0i h\u1ea1n, m\u1edf r\u1ed9ng quy m\u00f4 v\u00e0 ph\u00e1t tri\u1ec3n th\u1ecb tr\u01b0\u1eddng, C\u00f4ng ty TNHH Mu\u1ed1i h\u1ed3ng \u00a0\u0111\u01b0\u1ee3c th\u00e0nh l\u1eadp nh\u1eb1m h\u1ed7 tr\u1ee3 qu\u1ea3n l\u00fd ho\u1ea1t \u0111\u1ed9ng c\u1ee7a MU\u1ed0I H\u1ed2NG\u00a0GROUP v\u00e0 ph\u00e1t tri\u1ec3n th\u1ecb tr\u01b0\u1eddng m\u1ea1nh m\u1ebd h\u01a1n.<\/p>\n<p style=\"text-align: justify;\">Qua qu\u00e1 tr\u00ecnh h\u00ecnh th\u00e0nh v\u00e0 ho\u1ea1t \u0111\u1ed9ng t\u1eeb n\u0103m 2009 \u0111\u1ebfn nay, MU\u1ed0I H\u1ed2NG\u00a0GROUP\u00a0\u0111\u00e3 li\u00ean t\u1ee5c m\u1edf r\u1ed9ng v\u00e0 ph\u00e1t tri\u1ec3n, cung c\u1ea5p cho kh\u00e1ch h\u00e0ng ng\u00e0y c\u00e0ng nhi\u1ec1u h\u01a1n c\u00e1c s\u1ea3n ph\u1ea9m d\u1ecbch v\u1ee5, \u0111\u1ed3ng th\u1eddi kh\u00f4ng ng\u1eebng \u0111\u1ed5i m\u1edbi v\u1ec1 h\u00ecnh th\u1ee9c, n\u00e2ng cao v\u1ec1 ch\u1ea5t l\u01b0\u1ee3ng c\u00e1c s\u1ea3n ph\u1ea9m d\u1ecbch v\u1ee5, \u0111\u00e1p \u1ee9ng t\u1ed1t h\u01a1n nhu c\u1ea7u ng\u00e0y c\u00e0ng cao v\u00e0 \u0111a d\u1ea1ng c\u1ee7a kh\u00e1ch h\u00e0ng. Hi\u1ec7n t\u1ea1i C\u00f4ng ty c\u00f2n c\u00f3 th\u00eam c\u00e1c chi nh\u00e1nh t\u1ea1i Mi\u1ec1n B\u1eafc, Mi\u1ec1n Trung v\u00e0 Nam Trung B\u1ed9. Trong giai \u0111o\u1ea1n s\u1eafp \u0111\u1ebfn, ch\u00fang t\u00f4i s\u1ebd m\u1edf r\u1ed9ng chi nh\u00e1nh t\u1ea1i mi\u1ec1n Nam v\u00e0 T\u00e2y Nguy\u00ean, t\u1eeb c\u00e1c \u0111i\u1ec3m trung chuy\u1ec3n n\u00e0y ph\u00e1t tri\u1ec3n th\u1ecb tr\u01b0\u1eddng c\u00e1c n\u01b0\u1edbc b\u1ea1n L\u00e0o, Campuchia\u2026<\/p>\n<h3 style=\"text-align: center;\">T\u1ea6M NH\u00ccN<\/h3>\n<p style=\"text-align: justify;\">B\u1eb1ng kh\u00e1t v\u1ecdng ti\u00ean phong c\u00f9ng chi\u1ebfn l\u01b0\u1ee3c ph\u00e1t tri\u1ec3n b\u1ec1n v\u1eefng, MU\u1ed0I H\u1ed2NG GROUP ph\u1ea5n \u0111\u1ea5u tr\u1edf th\u00e0nh T\u1eadp \u0111o\u00e0n h\u00e0ng \u0111\u1ea7u Vi\u1ec7t Nam trong l\u0129nh v\u1ef1c kinh doanh c\u00e1c s\u1ea3n ph\u1ea9m, d\u1ecbch v\u1ee5, th\u01b0\u01a1ng m\u1ea1i t\u1eeb \u0111\u00e1 mu\u1ed1i Himalaya.<\/p>\n<h3 style=\"text-align: center;\">S\u1ee8 M\u1ec6NH<\/h3>\n<p style=\"text-align: justify;\">MU\u1ed0I H\u1ed2NG GROUP \u0111\u01b0\u1ee3c sinh ra v\u1edbi s\u1ee9 m\u1ec7nh: \u201d Khai ph\u00e1 gi\u00e1 tr\u1ecb tinh t\u00fay t\u1eeb \u0111\u00e1 mu\u1ed1i Himalaya, ph\u1ee5c v\u1ee5 nhu c\u1ea7u ch\u0103m s\u00f3c s\u1ee9c kh\u1ecfe c\u1ee7a c\u1ed9ng \u0111\u1ed3ng, b\u1eb1ng ch\u00ednh tr\u00e1ch nhi\u1ec7m v\u00e0 ni\u1ec1m y\u00eau th\u01b0\u01a1ng cu\u1ed9c s\u1ed1ng.\u201d<\/p>\n<h3 style=\"text-align: center;\">GI\u00c1 TR\u1eca C\u1ed0T L\u00d5I<\/h3>\n<p style=\"text-align: justify;\">MU\u1ed0I H\u1ed2NG GROUP lu\u00f4n c\u1ed1 g\u1eafng chu\u1ea9n b\u1ecb \u0111\u1ea7y \u0111\u1ee7 n\u0103ng l\u1ef1c th\u1ef1c thi, n\u1ed7 l\u1ef1c h\u1ebft m\u00ecnh \u0111\u1ec3 \u0111\u1ea3m b\u1ea3o \u0111\u00fang v\u00e0 cao h\u01a1n c\u00e1c cam k\u1ebft c\u1ee7a m\u00ecnh v\u1edbi kh\u00e1ch h\u00e0ng, \u0111\u1ed1i t\u00e1c; \u0111\u1eb7c bi\u1ec7t l\u00e0 c\u00e1c cam k\u1ebft v\u1ec1 ch\u1ea5t l\u01b0\u1ee3ng s\u1ea3n ph\u1ea9m- d\u1ecbch v\u1ee5 v\u00e0 ti\u1ebfn \u0111\u1ed9 th\u1ef1c hi\u1ec7n<\/p>\n<p style=\"text-align: justify;\">MU\u1ed0I H\u1ed2NG GROUP lu\u00f4n coi tr\u1ecdng v\u00e0 l\u1ea5y kh\u00e1ch h\u00e0ng l\u00e0m trung t\u00e2m; \u0111\u1eb7t l\u1ee3i \u00edch v\u00e0 mong mu\u1ed1n c\u1ee7a kh\u00e1ch h\u00e0ng l\u00ean h\u00e0ng \u0111\u1ea7u; kh\u00f4ng ng\u1eebng n\u1ed7 l\u1ef1c mang \u0111\u1ebfn cho kh\u00e1ch h\u00e0ng nh\u1eefng s\u1ea3n ph\u1ea9m, d\u1ecbch v\u1ee5 t\u1ed1t nh\u1ea5t. V\u00e0 tr\u00ean t\u1ea5t c\u1ea3, MU\u1ed0I H\u1ed2NG GROUP lu\u00f4n \u0111\u1eb7t ti\u00eau ch\u00ed m\u1ee9c \u0111\u1ed9 h\u00e0i l\u00f2ng c\u1ee7a qu\u00fd kh\u00e1ch l\u00e0 th\u01b0\u1edbc \u0111o c\u1ee7a ch\u00fang t\u00f4i.<\/p>\n<p style=\"text-align: justify;\">MU\u1ed0I H\u1ed2NG GROUP lu\u00f4n \u0111\u1ec1 cao tinh th\u1ea7n d\u00e1m ngh\u0129 d\u00e1m l\u00e0m, khuy\u1ebfn kh\u00edch t\u00ecm t\u00f2i h\u1ecdc h\u1ecfi, \u0111\u1ec1 cao ch\u1ee7 tr\u01b0\u01a1ng: \u201d Doanh nghi\u1ec7p h\u1ecdc t\u1eadp\u201d- kh\u00f4ng qu\u1ea3n kh\u00f3 kh\u0103n \u0111\u1ec3 h\u1ecdc, t\u1ef1 h\u1ecdc v\u00e0 \u201cv\u01b0\u1ee3t l\u00ean ch\u00ednh m\u00ecnh\u201d.<\/p>\n<p style=\"text-align: justify;\">MU\u1ed0I H\u1ed2NG GROUP khuy\u1ebfn kh\u00edch tinh th\u1ea7n ti\u00ean phong v\u00e0 lu\u00f4n x\u00e1c \u0111\u1ecbnh \u201d Vinh quang thu\u1ed9c v\u1ec1 ng\u01b0\u1eddi \u0111\u1ebfn \u0111\u00edch \u0111\u00fang h\u1eb9n\u201d; lu\u00f4n l\u1ea5y ph\u01b0\u01a1ng ch\u00e2m \u201cnhanh nh\u01b0ng kh\u00f4ng \u1ea9u\u201d \u0111\u1ec3 r\u0103n \u0111e ch\u00ednh m\u00ecnh.<\/p>\n<p style=\"text-align: justify;\">MU\u1ed0I H\u1ed2NG GROUP \u00a0mong mu\u1ed1n x\u00e2y d\u1ef1ng \u0111\u1ed9i ng\u0169 nh\u00e2n s\u1ef1 v\u1edbi \u0111\u1ee7 c\u1ea3 \u201d \u0110\u1ee9c l\u1eabn T\u00e0i\u201d- n\u01a1i m\u1ed7i th\u00e0nh vi\u00ean \u0111\u1ec1u l\u00e0 nh\u1eefng nh\u00e2n t\u1ed1 xu\u1ea5t s\u1eafc trong c\u00f4ng vi\u1ec7c c\u1ee7a ch\u00ednh m\u00ecnh; mong mu\u1ed1n t\u00ecm ra nh\u1eefng nh\u00e2n t\u1ed1 ph\u00f9 h\u1ee3p, \u0111\u1eb7t \u0111\u00fang ng\u01b0\u1eddi v\u00e0o \u0111\u00fang vi\u1ec7c \u0111\u1ec3 ph\u00e1t huy h\u1ebft kh\u1ea3 n\u0103ng.<\/p>\n<p style=\"text-align: justify;\">MU\u1ed0I H\u1ed2NG GROUP lu\u00f4n \u0111\u1eb7t ti\u00eau ch\u00ed ng\u01b0\u1eddi lao \u0111\u1ed9ng l\u00e0 t\u00e0i s\u1ea3n qu\u00fd gi\u00e1 nh\u1ea5t, x\u00e2y d\u1ef1ng m\u00f4i tr\u01b0\u1eddng l\u00e0m vi\u1ec7c chuy\u00ean nghi\u1ec7p, n\u0103ng \u0111\u1ed9ng, s\u00e1ng t\u1ea1o, nh\u00e2n v\u0103n; th\u1ef1c h\u00e0nh c\u00e1c ch\u00ednh s\u00e1ch ph\u00fac l\u1ee3i \u01b0u vi\u1ec7t, t\u1ea1o \u0111i\u1ec1u ki\u1ec7n thu nh\u1eadp cao v\u00e0 c\u01a1 h\u1ed9i ph\u00e1t tri\u1ec3n c\u00f4ng b\u1eb1ng cho t\u1ea5t c\u1ea3 CBNV.<\/p>\n","protected":false},"excerpt":{"rendered":"<p>C\u00f4ng ty TNHH MU\u1ed0I H\u1ed2NG \u00a0t\u1ef1 h\u00e0o l\u00e0 doanh nghi\u1ec7p \u0111i \u0111\u1ea7u trong l\u0129nh v\u1ef1c kinh doanh c\u00e1c s\u1ea3n ph\u1ea9m t\u1eeb \u0111\u00e1 mu\u1ed1i. Nh\u1edd \u00e1p d\u1ee5ng k\u1ef9 thu\u1eadt ti\u00ean ti\u1ebfn trong thi c\u00f4ng, m\u1ee9c gi\u00e1 s\u1ea3n ph\u1ea9m c\u1ea1nh tranh v\u00e0 ch\u1ea5t l\u01b0\u1ee3ng \u0111\u1ea3m b\u1ea3o, t\u1ed1c \u0111\u1ed9 t\u0103ng tr\u01b0\u1edfng th\u1ecb ph\u1ea7n v\u00e0 doanh thu lu\u00f4n \u1edf &hellip;<\/p>\n","protected":false},"author":1,"featured_media":0,"parent":0,"menu_order":0,"comment_status":"closed","ping_status":"closed","template":"","meta":{"footnotes":""},"yoast_head":"<!-- This site is optimized with the Yoast SEO plugin v22.6 - https:\/\/yoast.com\/wordpress\/plugins\/seo\/ -->\n<title>Mu\u1ed1i H\u1ed3ng - X\u00f4ng h\u01a1i \u0111\u00e1 mu\u1ed1i<\/title>\n<meta name=\"description\" content=\"x\u00f4ng h\u01a1i \u0111\u00e1 mu\u1ed1i ch\u0103m s\u00f3c s\u1ee9c kh\u1ecfe, t\u00e1c d\u1ee5ng x\u00f4ng h\u01a1i \u0111\u00e1 mu\u1ed1i, xong hoi da muoi, x\u00f4ng h\u01a1i \u0111\u00e1 mu\u1ed1i, l\u1ee3i \u00edch x\u00f4ng h\u01a1i \u0111\u00e1 mu\u1ed1i\" \/>\n<meta name=\"robots\" content=\"index, follow, max-snippet:-1, max-image-preview:large, max-video-preview:-1\" \/>\n<link rel=\"canonical\" href=\"https:\/\/xonghoidamuoi.vn\/index.php\/advertisement\/\" \/>\n<meta property=\"og:locale\" content=\"vi_VN\" \/>\n<meta property=\"og:type\" content=\"article\" \/>\n<meta property=\"og:title\" content=\"Mu\u1ed1i H\u1ed3ng - X\u00f4ng h\u01a1i \u0111\u00e1 mu\u1ed1i\" \/>\n<meta property=\"og:description\" content=\"x\u00f4ng h\u01a1i \u0111\u00e1 mu\u1ed1i ch\u0103m s\u00f3c s\u1ee9c kh\u1ecfe, t\u00e1c d\u1ee5ng x\u00f4ng h\u01a1i \u0111\u00e1 mu\u1ed1i, xong hoi da muoi, x\u00f4ng h\u01a1i \u0111\u00e1 mu\u1ed1i, l\u1ee3i \u00edch x\u00f4ng h\u01a1i \u0111\u00e1 mu\u1ed1i\" \/>\n<meta property=\"og:url\" content=\"https:\/\/xonghoidamuoi.vn\/index.php\/advertisement\/\" \/>\n<meta property=\"og:site_name\" content=\"X\u00f4ng h\u01a1i \u0111\u00e1 mu\u1ed1i\" \/>\n<meta property=\"article:modified_time\" content=\"2017-02-21T06:34:11+00:00\" \/>\n<meta name=\"twitter:card\" content=\"summary_large_image\" \/>\n<meta name=\"twitter:label1\" content=\"\u01af\u1edbc t\u00ednh th\u1eddi gian \u0111\u1ecdc\" \/>\n\t<meta name=\"twitter:data1\" content=\"8 ph\u00fat\" \/>\n<script type=\"application\/ld+json\" class=\"yoast-schema-graph\">{\"@context\":\"https:\/\/schema.org\",\"@graph\":[{\"@type\":\"WebPage\",\"@id\":\"https:\/\/xonghoidamuoi.vn\/index.php\/advertisement\/\",\"url\":\"https:\/\/xonghoidamuoi.vn\/index.php\/advertisement\/\",\"name\":\"Mu\u1ed1i H\u1ed3ng - X\u00f4ng h\u01a1i \u0111\u00e1 mu\u1ed1i\",\"isPartOf\":{\"@id\":\"https:\/\/xonghoidamuoi.vn\/#website\"},\"datePublished\":\"2015-01-29T08:49:59+00:00\",\"dateModified\":\"2017-02-21T06:34:11+00:00\",\"description\":\"x\u00f4ng h\u01a1i \u0111\u00e1 mu\u1ed1i ch\u0103m s\u00f3c s\u1ee9c kh\u1ecfe, t\u00e1c d\u1ee5ng x\u00f4ng h\u01a1i \u0111\u00e1 mu\u1ed1i, xong hoi da muoi, x\u00f4ng h\u01a1i \u0111\u00e1 mu\u1ed1i, l\u1ee3i \u00edch x\u00f4ng h\u01a1i \u0111\u00e1 mu\u1ed1i\",\"breadcrumb\":{\"@id\":\"https:\/\/xonghoidamuoi.vn\/index.php\/advertisement\/#breadcrumb\"},\"inLanguage\":\"vi\",\"potentialAction\":[{\"@type\":\"ReadAction\",\"target\":[\"https:\/\/xonghoidamuoi.vn\/index.php\/advertisement\/\"]}]},{\"@type\":\"BreadcrumbList\",\"@id\":\"https:\/\/xonghoidamuoi.vn\/index.php\/advertisement\/#breadcrumb\",\"itemListElement\":[{\"@type\":\"ListItem\",\"position\":1,\"name\":\"Home\",\"item\":\"https:\/\/xonghoidamuoi.vn\/\"},{\"@type\":\"ListItem\",\"position\":2,\"name\":\"Mu\u1ed1i H\u1ed3ng\"}]},{\"@type\":\"WebSite\",\"@id\":\"https:\/\/xonghoidamuoi.vn\/#website\",\"url\":\"https:\/\/xonghoidamuoi.vn\/\",\"name\":\"X\u00f4ng h\u01a1i \u0111\u00e1 mu\u1ed1i\",\"description\":\"Just another WordPress site\",\"potentialAction\":[{\"@type\":\"SearchAction\",\"target\":{\"@type\":\"EntryPoint\",\"urlTemplate\":\"https:\/\/xonghoidamuoi.vn\/?s={search_term_string}\"},\"query-input\":\"required name=search_term_string\"}],\"inLanguage\":\"vi\"}]}<\/script>\n<!-- \/ Yoast SEO plugin. -->","yoast_head_json":{"title":"Mu\u1ed1i H\u1ed3ng - X\u00f4ng h\u01a1i \u0111\u00e1 mu\u1ed1i","description":"x\u00f4ng h\u01a1i \u0111\u00e1 mu\u1ed1i ch\u0103m s\u00f3c s\u1ee9c kh\u1ecfe, t\u00e1c d\u1ee5ng x\u00f4ng h\u01a1i \u0111\u00e1 mu\u1ed1i, xong hoi da muoi, x\u00f4ng h\u01a1i \u0111\u00e1 mu\u1ed1i, l\u1ee3i \u00edch x\u00f4ng h\u01a1i \u0111\u00e1 mu\u1ed1i","robots":{"index":"index","follow":"follow","max-snippet":"max-snippet:-1","max-image-preview":"max-image-preview:large","max-video-preview":"max-video-preview:-1"},"canonical":"https:\/\/xonghoidamuoi.vn\/index.php\/advertisement\/","og_locale":"vi_VN","og_type":"article","og_title":"Mu\u1ed1i H\u1ed3ng - X\u00f4ng h\u01a1i \u0111\u00e1 mu\u1ed1i","og_description":"x\u00f4ng h\u01a1i \u0111\u00e1 mu\u1ed1i ch\u0103m s\u00f3c s\u1ee9c kh\u1ecfe, t\u00e1c d\u1ee5ng x\u00f4ng h\u01a1i \u0111\u00e1 mu\u1ed1i, xong hoi da muoi, x\u00f4ng h\u01a1i \u0111\u00e1 mu\u1ed1i, l\u1ee3i \u00edch x\u00f4ng h\u01a1i \u0111\u00e1 mu\u1ed1i","og_url":"https:\/\/xonghoidamuoi.vn\/index.php\/advertisement\/","og_site_name":"X\u00f4ng h\u01a1i \u0111\u00e1 mu\u1ed1i","article_modified_time":"2017-02-21T06:34:11+00:00","twitter_card":"summary_large_image","twitter_misc":{"\u01af\u1edbc t\u00ednh th\u1eddi gian \u0111\u1ecdc":"8 ph\u00fat"},"schema":{"@context":"https:\/\/schema.org","@graph":[{"@type":"WebPage","@id":"https:\/\/xonghoidamuoi.vn\/index.php\/advertisement\/","url":"https:\/\/xonghoidamuoi.vn\/index.php\/advertisement\/","name":"Mu\u1ed1i H\u1ed3ng - X\u00f4ng h\u01a1i \u0111\u00e1 mu\u1ed1i","isPartOf":{"@id":"https:\/\/xonghoidamuoi.vn\/#website"},"datePublished":"2015-01-29T08:49:59+00:00","dateModified":"2017-02-21T06:34:11+00:00","description":"x\u00f4ng h\u01a1i \u0111\u00e1 mu\u1ed1i ch\u0103m s\u00f3c s\u1ee9c kh\u1ecfe, t\u00e1c d\u1ee5ng x\u00f4ng h\u01a1i \u0111\u00e1 mu\u1ed1i, xong hoi da muoi, x\u00f4ng h\u01a1i \u0111\u00e1 mu\u1ed1i, l\u1ee3i \u00edch x\u00f4ng h\u01a1i \u0111\u00e1 mu\u1ed1i","breadcrumb":{"@id":"https:\/\/xonghoidamuoi.vn\/index.php\/advertisement\/#breadcrumb"},"inLanguage":"vi","potentialAction":[{"@type":"ReadAction","target":["https:\/\/xonghoidamuoi.vn\/index.php\/advertisement\/"]}]},{"@type":"BreadcrumbList","@id":"https:\/\/xonghoidamuoi.vn\/index.php\/advertisement\/#breadcrumb","itemListElement":[{"@type":"ListItem","position":1,"name":"Home","item":"https:\/\/xonghoidamuoi.vn\/"},{"@type":"ListItem","position":2,"name":"Mu\u1ed1i H\u1ed3ng"}]},{"@type":"WebSite","@id":"https:\/\/xonghoidamuoi.vn\/#website","url":"https:\/\/xonghoidamuoi.vn\/","name":"X\u00f4ng h\u01a1i \u0111\u00e1 mu\u1ed1i","description":"Just another WordPress site","potentialAction":[{"@type":"SearchAction","target":{"@type":"EntryPoint","urlTemplate":"https:\/\/xonghoidamuoi.vn\/?s={search_term_string}"},"query-input":"required name=search_term_string"}],"inLanguage":"vi"}]}},"_links":{"self":[{"href":"https:\/\/xonghoidamuoi.vn\/index.php\/wp-json\/wp\/v2\/pages\/377"}],"collection":[{"href":"https:\/\/xonghoidamuoi.vn\/index.php\/wp-json\/wp\/v2\/pages"}],"about":[{"href":"https:\/\/xonghoidamuoi.vn\/index.php\/wp-json\/wp\/v2\/types\/page"}],"author":[{"embeddable":true,"href":"https:\/\/xonghoidamuoi.vn\/index.php\/wp-json\/wp\/v2\/users\/1"}],"replies":[{"embeddable":true,"href":"https:\/\/xonghoidamuoi.vn\/index.php\/wp-json\/wp\/v2\/comments?post=377"}],"version-history":[{"count":4,"href":"https:\/\/xonghoidamuoi.vn\/index.php\/wp-json\/wp\/v2\/pages\/377\/revisions"}],"predecessor-version":[{"id":894,"href":"https:\/\/xonghoidamuoi.vn\/index.php\/wp-json\/wp\/v2\/pages\/377\/revisions\/894"}],"wp:attachment":[{"href":"https:\/\/xonghoidamuoi.vn\/index.php\/wp-json\/wp\/v2\/media?parent=377"}],"curies":[{"name":"wp","href":"https:\/\/api.w.org\/{rel}","templated":true}]}}